{"id":3895,"date":"2014-11-14T13:00:23","date_gmt":"2014-11-14T12:00:23","guid":{"rendered":"http:\/\/www.comeda.it\/?page_id=3895"},"modified":"2015-08-07T10:32:29","modified_gmt":"2015-08-07T08:32:29","slug":"home-2","status":"publish","type":"page","link":"https:\/\/www.comeda.it\/de\/","title":{"rendered":"Home"},"content":{"rendered":"<section id=\"section_0\" class=\"section  section-border-no section-height-content section-parallax-no section-bgtype-image section-fixed-background-yes  section-bgstyle-stretch section-triangle-no triangle-location-top section-overlay-no section-overlay-dot-no \" data-parallax_speed=\"0.8\" style=\"padding-top:10px;padding-bottom:10px;background-color:#ffffff;\" data-video-ratio=\"\"><div class=\"section-overlay\"><\/div><div class=\"container section-content\"><div class=\"row-fluid\"><div class=\"gap \" style=\"height:20px;line-height:20px;\" ><\/div>\n\n\t<div class=\"column-text clearfix\">\n\t\t\n<h1 style=\"text-align: center;\">NEUIGKEITEN<\/h1>\n\n\t<\/div> <div  class=\"hr border-small normal-border aligncenter hr-border-light hr-with-icon\" style=\"margin-top:5px;margin-bottom:15px;\"><span><i class=\"br br-ellipsis\"><\/i><\/span><\/div>\n<div class=\"row-fluid element-padding-default \">\n\t<div class=\"span6\">\n\t\t<div class=\"inner-content\">\n\t\t\t\n\t<h4 class=\"title textleft style1 divider-dark divider-default color-primary\" style=\"margin-bottom:10px\"><span>Steuern, unternehmen und finanzen<br \/>\n<\/span>\n\t<\/h4>\n\n\t<div class=\"column-text clearfix\">\n\t\t<!-- WP-Ticker-Content Begin -->\n<div id=\"wptic_code_1\"><\/div>\n<script type=\"text\/javascript\">\njQuery.post(\"https:\/\/www.comeda.it\/wp-content\/plugins\/wp-ticker\/get_ticker_code.php\",{ ticker_id: 1}, function(data) {jQuery(\"#wptic_code_1\").html(data);});<\/script>\n<!-- WP-Ticker-Content END -->\n\n\t<\/div> \n\t\t<\/div> \n\t<\/div> \n\n\t<div class=\"span6\">\n\t\t<div class=\"inner-content\">\n\t\t\t\n\t<h4 class=\"title textleft style1 divider-dark divider-default color-primary\" style=\"margin-bottom:10px\"><span> Arbeit und vorsorge<\/span>\n\t<\/h4>\n\n\t<div class=\"column-text clearfix\">\n\t\t<!-- WP-Ticker-Content Begin -->\n<div id=\"wptic_code_2\"><\/div>\n<script type=\"text\/javascript\">\njQuery.post(\"https:\/\/www.comeda.it\/wp-content\/plugins\/wp-ticker\/get_ticker_code.php\",{ ticker_id: 2}, function(data) {jQuery(\"#wptic_code_2\").html(data);});<\/script>\n<!-- WP-Ticker-Content END -->\n\n\t<\/div> \n\t\t<\/div> \n\t<\/div> \n<\/div><div class=\"gap  hidden-mobile\" style=\"height:25px;line-height:25px;\" ><\/div>\n<\/div><\/div><\/section><\/div><\/div><\/section><section id=\"section_1\" class=\"section  section-border-no section-height-content section-parallax-no section-bgtype-image section-fixed-background-yes  section-bgstyle-stretch section-triangle-no triangle-location-top section-overlay-no section-overlay-dot-no \" data-parallax_speed=\"0.8\" style=\"padding-top:70px;padding-bottom:30px;background-color:#ffffff;\" data-video-ratio=\"\"><div class=\"section-overlay\"><\/div><div class=\"container section-content\"><div class=\"row-fluid\">\n\t<div id=\"brad_box_1\" class=\"box  border-bottom-radius-no border-top-radius-no  \" style=\"padding:10px;\">\n\t\t\n\t<h2 class=\"title textcenter default divider-dark divider-default color-primary\" style=\"margin-bottom:20px\"><span>LEISTUNGEN<\/span>\n\t<\/h2>\n\n\t<\/div><div  class=\"hr border-small normal-border aligncenter hr-border-light hr-with-icon\" style=\"margin-top:5px;margin-bottom:0px;\"><span><i class=\"br br-ellipsis\"><\/i><\/span><\/div>\n<div class=\"row-fluid inner-row bottom-margin-no \">\n\t<div class=\"span4\">\n\t\t<div class=\"inner-content\">\n\t\t\t<div class=\"service-box\"><div class=\"service-header\"><div class=\"service-heading\"><span  class=\"brad-icon \" ><i class=\"br br-arrowcircleright\"><\/i><\/span><h4>BERATUNGST\u00c4TIGKEIT<\/h4><\/div><\/div><div class=\"service-content\">Unsere Leistungen umfassen Steuer-, Verwaltungs- und Unternehmensberatung f\u00fcr Unternehmer und Freiberufler.<\/p>\n<a id=\"brad_shortcode_button_1\" class=\"button button_  button_small alignleft\" title=\"Erfahren Sie mehr\" href=\"\/lo-studio\/\"><span  class=\"brad-icon  size-normal icon-left\" ><i class=\"fa-caret-right\"><\/i><\/span>Erfahren Sie mehr<\/a><\/div><\/div>\n\t\t<\/div> \n\t<\/div> \n\n\t<div class=\"span4\">\n\t\t<div class=\"inner-content\">\n\t\t\t<div class=\"service-box\"><div class=\"service-header\"><div class=\"service-heading\"><span  class=\"brad-icon \" ><i class=\"br br-arrowcircleright\"><\/i><\/span><h4>DIENSTLEISTUNGEN F\u00dcR PRIVATPERSONEN<\/h4><\/div><\/div><div class=\"service-content\">Unsere Leistungen fokussieren sich besonders auf die Beratung von Privatpersonen und der Familie.<div class=\"gap\" style=\"height:20px\"><\/div>\n<a id=\"brad_shortcode_button_2\" class=\"button button_  button_small alignleft\" title=\"Erfahren Sie mehr\" href=\"\/lo-studio\/\"><span  class=\"brad-icon  size-normal icon-left\" ><i class=\"fa-caret-right\"><\/i><\/span>Erfahren Sie mehr<\/a><\/div><\/div>\n\t\t<\/div> \n\t<\/div> \n\n\t<div class=\"span4\">\n\t\t<div class=\"inner-content\">\n\t\t\t<div class=\"service-box\"><div class=\"service-header\"><div class=\"service-heading\"><span  class=\"brad-icon \" ><i class=\"br br-arrowcircleright\"><\/i><\/span><h4>ARBEITSRECHTSBERATUNG<\/h4><\/div><\/div><div class=\"service-content\">Unsere Leistungen umfassen Arbeitsrechtsberatung, Gehaltsabrechnungen und die entsprechenden Meldungen.<\/p>\n<a id=\"brad_shortcode_button_3\" class=\"button button_  button_small alignleft\" title=\"Erfahren Sie mehr\" href=\"\/lo-studio\/\"><span  class=\"brad-icon  size-normal icon-left\" ><i class=\"fa-caret-right\"><\/i><\/span>Erfahren Sie mehr<\/a><\/div><\/div>\n\t\t<\/div> \n\t<\/div> \n<\/div><\/div><\/div><\/section>\n","protected":false},"excerpt":{"rendered":"NEUIGKEITEN Steuern, unternehmen und finanzen jQuery.post(\"https:\/\/www.comeda.it\/wp-content\/plugins\/wp-ticker\/get_ticker_code.php\",{ ticker_id: 1}, function(data) {jQuery(\"#wptic_code_1\").html(data);}); Arbeit und vorsorge jQuery.post(\"https:\/\/www.comeda.it\/wp-content\/plugins\/wp-ticker\/get_ticker_code.php\",{ ticker_id: 2}, function(data) {jQuery(\"#wptic_code_2\").html(data);}); LEISTUNGEN BERATUNGST\u00c4TIGKEITUnsere Leistungen umfassen Steuer-, Verwaltungs- und Unternehmensberatung f\u00fcr Unternehmer und Freiberufler. Erfahren Sie mehr DIENSTLEISTUNGEN F\u00dcR PRIVATPERSONENUnsere Leistungen fokussieren sich besonders [...]","protected":false},"author":1,"featured_media":0,"parent":0,"menu_order":0,"comment_status":"closed","ping_status":"closed","template":"","meta":{"footnotes":""},"class_list":["post-3895","page","type-page","status-publish","hentry"],"aioseo_notices":[],"_links":{"self":[{"href":"https:\/\/www.comeda.it\/de\/wp-json\/wp\/v2\/pages\/3895","targetHints":{"allow":["GET"]}}],"collection":[{"href":"https:\/\/www.comeda.it\/de\/wp-json\/wp\/v2\/pages"}],"about":[{"href":"https:\/\/www.comeda.it\/de\/wp-json\/wp\/v2\/types\/page"}],"author":[{"embeddable":true,"href":"https:\/\/www.comeda.it\/de\/wp-json\/wp\/v2\/users\/1"}],"replies":[{"embeddable":true,"href":"https:\/\/www.comeda.it\/de\/wp-json\/wp\/v2\/comments?post=3895"}],"version-history":[{"count":11,"href":"https:\/\/www.comeda.it\/de\/wp-json\/wp\/v2\/pages\/3895\/revisions"}],"predecessor-version":[{"id":4372,"href":"https:\/\/www.comeda.it\/de\/wp-json\/wp\/v2\/pages\/3895\/revisions\/4372"}],"wp:attachment":[{"href":"https:\/\/www.comeda.it\/de\/wp-json\/wp\/v2\/media?parent=3895"}],"curies":[{"name":"wp","href":"https:\/\/api.w.org\/{rel}","templated":true}]}}