{"id":3935,"date":"2014-11-13T17:45:56","date_gmt":"2014-11-13T16:45:56","guid":{"rendered":"http:\/\/www.comeda.it\/lo-studio-2\/"},"modified":"2015-07-27T09:13:18","modified_gmt":"2015-07-27T07:13:18","slug":"unternehmen","status":"publish","type":"page","link":"https:\/\/www.comeda.it\/de\/unternehmen\/","title":{"rendered":"Unternehmen"},"content":{"rendered":"<section id=\"section_0\" class=\"section  section-border-no section-height-content section-parallax-no section-bgtype- section-fixed-background-yes  section-bgstyle-stretch section-triangle-no triangle-location-top section-overlay-no section-overlay-dot-no \" data-parallax_speed=\"0.8\" style=\"padding-top:60px;padding-bottom:60px;background-color:#ffffff;\" data-video-ratio=\"\"><div class=\"section-overlay\"><\/div><div class=\"container section-content\"><div class=\"row-fluid\"><div class=\"row-fluid element-padding-default \">\n\t<div class=\"span6\">\n\t\t<div class=\"inner-content\">\n\t\t\t\n\t<div id=\"brad_box_1\" class=\"box  border-bottom-radius-yes border-top-radius-yes  \" style=\"padding:20px;border:1px solid #46556f;\">\n\t\t\n\t<div class=\"column-text clearfix\">\n\t\t<span class='dropcap style1 color-default'>C<\/span><strong>om.e.d.a wurde 1988 von Dr. Lodovico Comploj<\/strong> gegr\u00fcndet und hat von dort an Erfahrung in den wirtschaftlichen Bereichen Steuer, Verwaltungs- und Unternehmensberatung f\u00fcr Unternehmer und Freiberufler jeglicher Gr\u00f6\u00dfe und Produktionssektor, sowie Privatpersonen und Non-Profit Organisationen gesammelt, um Ihnen heute eine vertrauliche und kompetente Beratung zu gew\u00e4hren.<br \/>\nUnser Team aus Freiberuflern und Mitarbeiter steht Ihnen mit Freude in Stern, Str. Ninz 63, zur Verf\u00fcgung.\n\t<\/div> \n\t<\/div>\n\t\t<\/div> \n\t<\/div> \n\n\t<div class=\"span6\">\n\t\t<div class=\"inner-content\">\n\t\t\t\n\t<h4 class=\"title textleft style1 divider-dark divider-default color-default\" style=\"margin-bottom:2px\"><span>UNSERE HAUPTT\u00c4TIGKEITSBEREICHE<\/span>\n\t<\/h4>\n\n\t<div class=\"accordions style2\" data-active-tab=\"0\">\n\t\t\n\t<div class=\"accordion  not-column-inherit\">\n\t\t<div class=\"accordion-title\"><a href=\"#\"><span  class=\"brad-icon \" ><i class=\"fa-ok\"><\/i><\/span>Beratung<span class=\"plus\"><\/span><\/a><\/div>\n\t\t\t<div class=\"accordion-inner\">\n\t<div class=\"column-text clearfix\">\n\t\tWir beraten mit Freude Unternehmer und Freiberufler in den Bereichen Steuer-, Verwaltungs- und Unternehmensberatung. Sei es nun traditionelle Beratung oder Beistand in der Verwaltung, wir legen einen gro\u00dfen Fokus auf die professionelle Buchhaltung von ordentlichen wie auch au\u00dferordentlichen Gesch\u00e4ftsereignissen.<br \/>\nNebenbei wird Augenmerk auf die Beratung in den Bereichen der \u00dcbertragung von Unternehmen und Immobilien und in den au\u00dferordentlichen Gesellschaftsoperationen, darunter Zusammenschl\u00fcsse, Spaltungen, Liquidationen und Betriebseinbringungen gelegt.\n\t<\/div> <\/div>\n\t<\/div> \n\t<div class=\"accordion  not-column-inherit\">\n\t\t<div class=\"accordion-title\"><a href=\"#\"><span  class=\"brad-icon \" ><i class=\"fa-ok\"><\/i><\/span>Privatkundschaft<span class=\"plus\"><\/span><\/a><\/div>\n\t\t\t<div class=\"accordion-inner\">\n\t<div class=\"column-text clearfix\">\n\t\tUnsere Leistungen fokussieren sich besonders auf die Beratung von Privatpersonen und der Familie durch Verm\u00f6gensschutz, Family Business-Planung, Erbfolgeplanung, Familienvereinbarungen und professionelle Leistung f\u00fcr besondere Bed\u00fcrfnisse der Privatkunden.\n\t<\/div> <\/div>\n\t<\/div> \n\t<div class=\"accordion  not-column-inherit\">\n\t\t<div class=\"accordion-title\"><a href=\"#\"><span  class=\"brad-icon \" ><i class=\"fa-ok\"><\/i><\/span>Arbeitsrechtsberatung<span class=\"plus\"><\/span><\/a><\/div>\n\t\t\t<div class=\"accordion-inner\">\n\t<div class=\"column-text clearfix\">\n\t\tUnsere Leistungen umfassen Arbeitsrechtsberatung, Gehaltsabrechnungen und die entsprechenden Meldungen.\n\t<\/div> <\/div>\n\t<\/div> \n\t<\/div>\n\n\t\t<\/div> \n\t<\/div> \n<\/div><\/div><\/div><\/section><\/div><\/div><\/section><section id=\"section_1\" class=\"section  section-border-no section-height-content section-parallax-no section-bgtype-image section-fixed-background-yes  section-bgstyle-stretch section-triangle-no triangle-location-top section-overlay-no section-overlay-dot-no \" data-parallax_speed=\"0.8\" style=\"padding-top:15px;padding-bottom:30px;background-color:#ffffff;\" data-video-ratio=\"\"><div class=\"section-overlay\"><\/div><div class=\"container section-content\"><div class=\"row-fluid\">\n\t<div id=\"brad_box_2\" class=\"box  border-bottom-radius-yes border-top-radius-yes  \" style=\"padding:20px;border:1px solid #46556f;\">\n\t\t\n\t<h2 class=\"title textcenter style1 divider-dark divider-medium color-default\" style=\"margin-bottom:10px\"><span>Netzwerkpartner<\/span>\n\t<\/h2>\n\n\t<div class=\"column-text clearfix\">\n\t\t\n<p style=\"text-align: center;\">Um unseren Kunden eine 360\u00b0 Beratung leisten zu k\u00f6nnen, arbeiten wir mit Pichler Dejori Comploj &amp; Partner in Bozen zusammen.<\/p>\n\n\t<\/div> <div class=\"gap  hidden-mobile\" style=\"height:25px;line-height:25px;\" ><\/div>\n\n\t<div class=\"single-image img-align-center \" data-animation-delay=\"0\" data-animation-effect=\"\">\n\t\t<img loading=\"lazy\" decoding=\"async\" width=\"474\" height=\"43\" src=\"https:\/\/www.comeda.it\/wp-content\/uploads\/2014\/11\/logo.png\" class=\"attachment- size-\" alt=\"\" srcset=\"https:\/\/www.comeda.it\/wp-content\/uploads\/2014\/11\/logo.png 474w, https:\/\/www.comeda.it\/wp-content\/uploads\/2014\/11\/logo-300x27.png 300w\" sizes=\"auto, (max-width: 474px) 100vw, 474px\" \/>\n\t\t\t\n\t<\/div> \n\t<\/div><div class=\"gap  hidden-mobile\" style=\"height:45px;line-height:45px;\" ><\/div>\n<\/div><\/div><\/section>\n","protected":false},"excerpt":{"rendered":"Com.e.d.a wurde 1988 von Dr. Lodovico Comploj gegr\u00fcndet und hat von dort an Erfahrung in den wirtschaftlichen Bereichen Steuer, Verwaltungs- und Unternehmensberatung f\u00fcr Unternehmer und Freiberufler jeglicher Gr\u00f6\u00dfe und Produktionssektor, sowie Privatpersonen und Non-Profit Organisationen gesammelt, um Ihnen heute eine [...]","protected":false},"author":1,"featured_media":0,"parent":0,"menu_order":0,"comment_status":"open","ping_status":"open","template":"","meta":{"footnotes":""},"class_list":["post-3935","page","type-page","status-publish","hentry"],"aioseo_notices":[],"_links":{"self":[{"href":"https:\/\/www.comeda.it\/de\/wp-json\/wp\/v2\/pages\/3935","targetHints":{"allow":["GET"]}}],"collection":[{"href":"https:\/\/www.comeda.it\/de\/wp-json\/wp\/v2\/pages"}],"about":[{"href":"https:\/\/www.comeda.it\/de\/wp-json\/wp\/v2\/types\/page"}],"author":[{"embeddable":true,"href":"https:\/\/www.comeda.it\/de\/wp-json\/wp\/v2\/users\/1"}],"replies":[{"embeddable":true,"href":"https:\/\/www.comeda.it\/de\/wp-json\/wp\/v2\/comments?post=3935"}],"version-history":[{"count":9,"href":"https:\/\/www.comeda.it\/de\/wp-json\/wp\/v2\/pages\/3935\/revisions"}],"predecessor-version":[{"id":4308,"href":"https:\/\/www.comeda.it\/de\/wp-json\/wp\/v2\/pages\/3935\/revisions\/4308"}],"wp:attachment":[{"href":"https:\/\/www.comeda.it\/de\/wp-json\/wp\/v2\/media?parent=3935"}],"curies":[{"name":"wp","href":"https:\/\/api.w.org\/{rel}","templated":true}]}}