{"id":3938,"date":"2014-11-12T13:03:29","date_gmt":"2014-11-12T12:03:29","guid":{"rendered":"http:\/\/www.comeda.it\/servizi-2\/"},"modified":"2015-05-11T16:51:40","modified_gmt":"2015-05-11T14:51:40","slug":"leistungen","status":"publish","type":"page","link":"https:\/\/www.comeda.it\/de\/leistungen\/","title":{"rendered":"Leistungen"},"content":{"rendered":"<section id=\"section_0\" class=\"section  section-border-no section-height-content section-parallax-no section-bgtype- section-fixed-background-yes  section-bgstyle-stretch section-triangle-no triangle-location-top section-overlay-no section-overlay-dot-no \" data-parallax_speed=\"0.8\" style=\"padding-top:60px;padding-bottom:60px;background-color:#ffffff;\" data-video-ratio=\"\"><div class=\"section-overlay\"><\/div><div class=\"container section-content\"><div class=\"row-fluid\">\n\t<div class=\"accordions style1\" data-active-tab=\"0\">\n\t\t\n\t<div class=\"accordion  not-column-inherit\">\n\t\t<div class=\"accordion-title\"><a href=\"#\"><span  class=\"brad-icon \" ><i class=\"br br-arrowcircleright\"><\/i><\/span>Steuerberatung<span class=\"plus\"><\/span><\/a><\/div>\n\t\t\t<div class=\"accordion-inner\">\n\t<div class=\"column-text clearfix\">\n\t\t\n<ul>\n<li>Steuerliche Betreuung<\/li>\n<li>Steuererkl\u00e4rung<\/li>\n<li>Mehrwertsteuererkl\u00e4rung<\/li>\n<li>Beistand bei Finanzkontrollen<\/li>\n<li>Vertretung von Steuerbeh\u00f6rden<\/li>\n<li>Erbschaftssteuererkl\u00e4rungen<\/li>\n<li>Steuerliche Gestaltung von Erbfolgen, insbesondere Unternehmensnachfolgen<\/li>\n<\/ul>\n\n\t<\/div> <\/div>\n\t<\/div> \n\t<div class=\"accordion  not-column-inherit\">\n\t\t<div class=\"accordion-title\"><a href=\"#\"><span  class=\"brad-icon \" ><i class=\"br br-arrowcircleright\"><\/i><\/span>Buchhaltung und Jahresabschl\u00fcsse<span class=\"plus\"><\/span><\/a><\/div>\n\t\t\t<div class=\"accordion-inner\">\n\t<div class=\"column-text clearfix\">\n\t\t\n<ul>\n<li>F\u00fchrung der vereinfachten oder ordentlichen Buchhaltung<\/li>\n<li>Externe \u00dcberwachung der Buchhaltung<\/li>\n<li>Beistand bei der Auswahl geeigneter Software<\/li>\n<li>Jahresabschl\u00fcsse und Bilanz mit Anh\u00e4nge<\/li>\n<li>Bilanzanalysen<\/li>\n<li>Anlagebuchf\u00fchrung<\/li>\n<li>Reportings<\/li>\n<\/ul>\n\n\t<\/div> <\/div>\n\t<\/div> \n\t<div class=\"accordion  not-column-inherit\">\n\t\t<div class=\"accordion-title\"><a href=\"#\"><span  class=\"brad-icon \" ><i class=\"br br-arrowcircleright\"><\/i><\/span>Gesellschaftsrecht<span class=\"plus\"><\/span><\/a><\/div>\n\t\t\t<div class=\"accordion-inner\">\n\t<div class=\"column-text clearfix\">\n\t\t\n<ul>\n<li>Gesellschaftsgr\u00fcndung<\/li>\n<li>Wahl der optimalen Rechtsform<\/li>\n<li>Betreuung in Gesellschaftsangelegenheiten<\/li>\n<li>Einbringung in Gesellschaften<\/li>\n<li>Unternehmensbewertungen und Gesellschaftsanteilen<\/li>\n<li>Betriebsauflassungen<\/li>\n<li>Vertragsgestaltungen<\/li>\n<li>Erbschaftsregelungen<\/li>\n<li>Verm\u00f6gensteilung<\/li>\n<\/ul>\n\n\t<\/div> <\/div>\n\t<\/div> \n\t<div class=\"accordion  not-column-inherit\">\n\t\t<div class=\"accordion-title\"><a href=\"#\"><span  class=\"brad-icon \" ><i class=\"br br-arrowcircleright\"><\/i><\/span>Unternehmensberatung<span class=\"plus\"><\/span><\/a><\/div>\n\t\t\t<div class=\"accordion-inner\">\n\t<div class=\"column-text clearfix\">\n\t\t\n<ul>\n<li>Businesspl\u00e4ne<\/li>\n<li>Liquidit\u00e4tsplanung<\/li>\n<li>Wirtschaftlichkeitsrechnungen<\/li>\n<\/ul>\n\n\t<\/div> <\/div>\n\t<\/div> \n\t<div class=\"accordion  not-column-inherit\">\n\t\t<div class=\"accordion-title\"><a href=\"#\"><span  class=\"brad-icon \" ><i class=\"br br-arrowcircleright\"><\/i><\/span>Wirtschaftspr\u00fcfung<span class=\"plus\"><\/span><\/a><\/div>\n\t\t\t<div class=\"accordion-inner\">\n\t<div class=\"column-text clearfix\">\n\t\t\n<ul>\n<li style=\"text-align: left;\">Rechnungspr\u00fcfung<\/li>\n<\/ul>\n\n\t<\/div> <\/div>\n\t<\/div> \n\t<div class=\"accordion  not-column-inherit\">\n\t\t<div class=\"accordion-title\"><a href=\"#\"><span  class=\"brad-icon \" ><i class=\"br br-arrowcircleright\"><\/i><\/span>Arbeitsrechtsberatung<span class=\"plus\"><\/span><\/a><\/div>\n\t\t\t<div class=\"accordion-inner\">\n\t<div class=\"column-text clearfix\">\n\t\t\n<ul>\n<li>Lohn- und Gehaltsabrechnung mit dazugeh\u00f6rigen Aufgaben<\/li>\n<li>Verhandlungen mit Gewerkschaften<\/li>\n<li>Beratung in der Wahl optimaler Entlohnungssysteme<\/li>\n<li>Beratung bei der Auswahl von Mitarbeitern<\/li>\n<\/ul>\n\n\t<\/div> <\/div>\n\t<\/div> \n\t<\/div>\n<\/div><\/div><\/section>\n","protected":false},"excerpt":{"rendered":"Steuerberatung Steuerliche Betreuung Steuererkl\u00e4rung Mehrwertsteuererkl\u00e4rung Beistand bei Finanzkontrollen Vertretung von Steuerbeh\u00f6rden Erbschaftssteuererkl\u00e4rungen Steuerliche Gestaltung von Erbfolgen, insbesondere Unternehmensnachfolgen Buchhaltung und Jahresabschl\u00fcsse F\u00fchrung der vereinfachten oder ordentlichen Buchhaltung Externe \u00dcberwachung der Buchhaltung Beistand bei der Auswahl geeigneter Software Jahresabschl\u00fcsse und Bilanz [...]","protected":false},"author":1,"featured_media":0,"parent":0,"menu_order":0,"comment_status":"open","ping_status":"open","template":"","meta":{"footnotes":""},"class_list":["post-3938","page","type-page","status-publish","hentry"],"aioseo_notices":[],"_links":{"self":[{"href":"https:\/\/www.comeda.it\/de\/wp-json\/wp\/v2\/pages\/3938","targetHints":{"allow":["GET"]}}],"collection":[{"href":"https:\/\/www.comeda.it\/de\/wp-json\/wp\/v2\/pages"}],"about":[{"href":"https:\/\/www.comeda.it\/de\/wp-json\/wp\/v2\/types\/page"}],"author":[{"embeddable":true,"href":"https:\/\/www.comeda.it\/de\/wp-json\/wp\/v2\/users\/1"}],"replies":[{"embeddable":true,"href":"https:\/\/www.comeda.it\/de\/wp-json\/wp\/v2\/comments?post=3938"}],"version-history":[{"count":19,"href":"https:\/\/www.comeda.it\/de\/wp-json\/wp\/v2\/pages\/3938\/revisions"}],"predecessor-version":[{"id":4291,"href":"https:\/\/www.comeda.it\/de\/wp-json\/wp\/v2\/pages\/3938\/revisions\/4291"}],"wp:attachment":[{"href":"https:\/\/www.comeda.it\/de\/wp-json\/wp\/v2\/media?parent=3938"}],"curies":[{"name":"wp","href":"https:\/\/api.w.org\/{rel}","templated":true}]}}