{"id":3942,"date":"2013-11-29T06:55:19","date_gmt":"2013-11-29T05:55:19","guid":{"rendered":"http:\/\/www.comeda.it\/contatti-2\/"},"modified":"2015-08-03T15:22:18","modified_gmt":"2015-08-03T13:22:18","slug":"kontakt","status":"publish","type":"page","link":"https:\/\/www.comeda.it\/de\/kontakt\/","title":{"rendered":"Kontakt"},"content":{"rendered":"<section id=\"section_0\" class=\"section full-width section-border-no section-height-content section-parallax-no section-bgtype-image section-fixed-background-yes  section-bgstyle-stretch section-triangle-no triangle-location-top section-overlay-no section-overlay-dot-no \" data-parallax_speed=\"0.8\" style=\"padding-top:0;padding-bottom:0;background-color:#ffffff;\" data-video-ratio=\"\"><div class=\"section-overlay\"><\/div><div class=\"container section-content\"><div class=\"row-fluid\"><\/div><\/div><\/section><\/div><\/div><\/section>\n\t<section id=\"section_1\" class=\"section double-section section-default section-border-no \" style=\"\"><div class=\"double-section-content\">\n\t\t<div class=\"container\"><div class=\"row-fluid\">\n\t\t\t<div class=\"section-container section-fixed-background-yes  section-bgstyle-stretch rm-padding-no fullwidth-no alignv-center-no \" style=\"padding-top:55px;padding-bottom:35px;background-color:#ea9518; background-color:rgba(234,149,24,1);background-image:url(https:\/\/www.comeda.it\/wp-content\/uploads\/2013\/11\/sfondocomeda.jpg);\"><div class=\"inner-content\">\n\t<div id=\"brad_box_1\" class=\"box scheme1 border-bottom-radius-no border-top-radius-no  \" style=\"padding:0 20px;background-color:#2d2d2d;background-color:rgba(45,45,45,0.6);\">\n\t\t\n\t<h4 class=\"title textright default divider-dark divider-default color-default\" style=\"margin-bottom:10px\"><span>Adresse<\/span>\n\t<\/h4>\n\n\t<div class=\"column-text clearfix\">\n\t\t\n<p style=\"text-align: right;\">Str. Ninz, 63,<br \/>\n39036, Stern in Badia<br \/>\nBozen (BZ)\n\t<\/div> \n\t<\/div><\/div><\/div><div class=\"section-container section-fixed-background-yes  section-bgstyle-stretch rm-padding-no fullwidth-no alignv-center-no \" style=\"padding-top:55px;padding-bottom:35px;background-color:#9b59b6; background-color:rgba(155,89,182,1);background-image:url(https:\/\/www.comeda.it\/wp-content\/uploads\/2013\/11\/contatti.jpg);\"><div class=\"inner-content\">\n\t<div id=\"brad_box_2\" class=\"box scheme1 border-bottom-radius-no border-top-radius-no  \" style=\"padding:0 20px;background-color:#2d2d2d;background-color:rgba(45,45,45,0.6);\">\n\t\t\n\t<h4 class=\"title textleft default divider-dark divider-default color-default\" style=\"margin-bottom:10px\"><span>Kontakt<\/span>\n\t<\/h4>\n\n\t<div class=\"column-text clearfix\">\n\t\t\n<p style=\"text-align: left;\"><style type='text\/css'>#brad_icon_1{color:#ffffff;}<\/style>\n\t<span id=\"brad_icon_1\" class=\"brad-icon  enable-crease-no size-normal style1 #ffffff \" ><i class=\"ss-social-regular ss-phone\"><\/i><\/span> <strong>Telefon<\/strong>: +39 0471 847 360<br \/>\n<style type='text\/css'>#brad_icon_2{color:#ffffff;}<\/style>\n\t<span id=\"brad_icon_2\" class=\"brad-icon  enable-crease-no size-normal style1 #ffffff \" ><i class=\"fa-print\"><\/i><\/span><strong>Fax<\/strong>: +39 0471 847 372<br \/>\n<style type='text\/css'>#brad_icon_3{color:#ffffff;}<\/style>\n\t<span id=\"brad_icon_3\" class=\"brad-icon  enable-crease-no size-normal style1 #ffffff \" ><i class=\"ss-social-regular ss-mail\"><\/i><\/span><strong>Mail<\/strong>: info@comeda.it\u00a0 | info@pec.comeda.it\n\t<\/div> \n\t<\/div><\/div><\/div><\/div>\n\t\t<\/div><\/div>\n\t<\/section><\/div><\/div><\/section><section id=\"section_2\" class=\"section grid-940 section-border-no section-height-content section-parallax-no section-bgtype-image section-fixed-background-yes  section-bgstyle-stretch section-triangle-no triangle-location-top section-overlay-no section-overlay-dot-no \" data-parallax_speed=\"0.8\" style=\"padding-top:100px;padding-bottom:100px;background-color:#ffffff;\" data-video-ratio=\"\"><div class=\"section-overlay\"><\/div><div class=\"container section-content\"><div class=\"row-fluid\"><div class=\"row-fluid element-padding-default \">\n\t<div class=\"span6\">\n\t\t<div class=\"inner-content\">\n\t\t\t\n\t<h2 class=\"title textleft default divider-dark divider-default color-default\" style=\"margin-bottom:10px\"><span>Kontaktanfrage<\/span>\n\t<\/h2>\n\n\t<div class=\"column-text clearfix\">\n\t\t\n<div class=\"wpcf7 no-js\" id=\"wpcf7-f3955-o1\" lang=\"it-IT\" dir=\"ltr\" data-wpcf7-id=\"3955\">\n<div class=\"screen-reader-response\"><p role=\"status\" aria-live=\"polite\" aria-atomic=\"true\"><\/p> <ul><\/ul><\/div>\n<form action=\"\/de\/wp-json\/wp\/v2\/pages\/3942#wpcf7-f3955-o1\" method=\"post\" class=\"wpcf7-form init\" aria-label=\"Modulo di contatto\" novalidate=\"novalidate\" data-status=\"init\">\n<fieldset class=\"hidden-fields-container\"><input type=\"hidden\" name=\"_wpcf7\" value=\"3955\" \/><input type=\"hidden\" name=\"_wpcf7_version\" value=\"6.1.5\" \/><input type=\"hidden\" name=\"_wpcf7_locale\" value=\"it_IT\" \/><input type=\"hidden\" name=\"_wpcf7_unit_tag\" value=\"wpcf7-f3955-o1\" \/><input type=\"hidden\" name=\"_wpcf7_container_post\" value=\"0\" \/><input type=\"hidden\" name=\"_wpcf7_posted_data_hash\" value=\"\" \/><input type=\"hidden\" name=\"_wpcf7_recaptcha_response\" value=\"\" \/>\n<\/fieldset>\n<p>Name und Nachname (Pflichtfeld)\n<\/p>\n<p><span class=\"wpcf7-form-control-wrap\" data-name=\"text-593\"><input size=\"40\" maxlength=\"400\" class=\"wpcf7-form-control wpcf7-text wpcf7-validates-as-required\" aria-required=\"true\" aria-invalid=\"false\" value=\"\" type=\"text\" name=\"text-593\" \/><\/span>\n<\/p>\n<p>Email (Pflichtfeld)\n<\/p>\n<p><span class=\"wpcf7-form-control-wrap\" data-name=\"email-711\"><input size=\"40\" maxlength=\"400\" class=\"wpcf7-form-control wpcf7-email wpcf7-validates-as-required wpcf7-text wpcf7-validates-as-email\" aria-required=\"true\" aria-invalid=\"false\" value=\"\" type=\"email\" name=\"email-711\" \/><\/span>\n<\/p>\n<p>Telefon (Pflichtfeld)\n<\/p>\n<p><span class=\"wpcf7-form-control-wrap\" data-name=\"tel-529\"><input size=\"40\" maxlength=\"400\" class=\"wpcf7-form-control wpcf7-tel wpcf7-text wpcf7-validates-as-tel\" aria-invalid=\"false\" value=\"\" type=\"tel\" name=\"tel-529\" \/><\/span>\n<\/p>\n<p>Betreff\n<\/p>\n<p><span class=\"wpcf7-form-control-wrap\" data-name=\"your-subject\"><input size=\"40\" maxlength=\"400\" class=\"wpcf7-form-control wpcf7-text wpcf7-validates-as-required\" aria-required=\"true\" aria-invalid=\"false\" value=\"\" type=\"text\" name=\"your-subject\" \/><\/span>\n<\/p>\n<p>Ihre Nachricht\n<\/p>\n<p><span class=\"wpcf7-form-control-wrap\" data-name=\"your-message\"><textarea cols=\"40\" rows=\"10\" maxlength=\"2000\" class=\"wpcf7-form-control wpcf7-textarea\" aria-invalid=\"false\" name=\"your-message\"><\/textarea><\/span>\n<\/p>\n<p style=\"font-size:12px\" \"text-align:justify;\"><span class=\"wpcf7-form-control-wrap\" data-name=\"acceptance-332\"><span class=\"wpcf7-form-control wpcf7-acceptance\"><span class=\"wpcf7-list-item\"><input type=\"checkbox\" name=\"acceptance-332\" value=\"1\" aria-invalid=\"false\" \/><\/span><\/span><\/span>Ich autorisiere die Behandlung meiner pers\u00f6nlichen Daten gem\u00e4\u00df den Bestimmungen der <a href=\"\/de\/privacy\/\">Datenschutzrichtlinien<\/a>\n<\/p>\n<p><input class=\"wpcf7-form-control wpcf7-submit has-spinner\" type=\"submit\" value=\"Anfrage Absenden\" \/>\n<\/p><div class=\"wpcf7-response-output\" aria-hidden=\"true\"><\/div>\n<\/form>\n<\/div>\n\n\t<\/div> \n\t\t<\/div> \n\t<\/div> \n\n\t<div class=\"span6\">\n\t\t<div class=\"inner-content\">\n\t\t\t\n\t<h2 class=\"title textleft default divider-dark divider-default color-default\" style=\"margin-bottom:30px\"><span>\u00d6ffnungszeiten<\/span>\n\t<\/h2>\n\n\t<div id=\"brad_box_3\" class=\"box  border-bottom-radius-yes border-top-radius-yes  \" style=\"padding:20px;border:2px solid #dddddd;\">\n\t\t\n\t<div class=\"column-text clearfix\">\n\t\t\n<p style=\"text-align: center;\">Wir stehen f\u00fcr Sie zur Verf\u00fcgung<\/p>\n<p style=\"text-align: center;\">Von Montag bis\u00a0Donnerstag<br \/>\n<strong>8.00 &#8211; 12.00<\/strong><br \/>\n<strong> 16.00 &#8211; 17.00<\/strong><\/p>\n<p style=\"text-align: center;\">Freitag<\/p>\n<p style=\"text-align: center;\"><strong>8.00 &#8211; 12.00<\/strong><\/p>\n\n\t<\/div> \n\t<\/div><div class=\"gap \" style=\"height:40px;line-height:40px;\" ><\/div>\n\n\t<h2 class=\"title textleft default divider-dark divider-default color-default\" style=\"margin-bottom:30px\"><span>Anfahrt<\/span>\n\t<\/h2>\n<div id=\"map_1\" style=\"width:100%;height:400px\" class=\"google_map\" data-address=\"46.590117, 11.900916\"  data-maptype=\"roadmap\" data-scrollwheel=\"true\" data-zoom=\"16\" data-marker=\"yes\" data-markerimage=\"\" data-style=\"style1\" data-infowindow=\"\" data-color=\"#3a4b65\"  data-marker-lat1=\"46.590117, 11.900916\"  data-marker-lon1=\"\"  data-marker-desc1=\"\" data-markers=\"1\"><\/div>\n\t\t<\/div> \n\t<\/div> \n<\/div><\/div><\/div><\/section>\n","protected":false},"excerpt":{"rendered":"Adresse Str. Ninz, 63, 39036, Stern in Badia Bozen (BZ) Kontakt #brad_icon_4{color:#ffffff;} Telefon: +39 0471 847 360 #brad_icon_5{color:#ffffff;} Fax: +39 0471 847 372 #brad_icon_6{color:#ffffff;} Mail: info@comeda.it\u00a0 | info@pec.comeda.it Kontaktanfrage Name und Nachname (Pflichtfeld) Email (Pflichtfeld) Telefon (Pflichtfeld) Betreff Ihre Nachricht [...]","protected":false},"author":1,"featured_media":0,"parent":0,"menu_order":0,"comment_status":"closed","ping_status":"closed","template":"","meta":{"footnotes":""},"class_list":["post-3942","page","type-page","status-publish","hentry"],"aioseo_notices":[],"_links":{"self":[{"href":"https:\/\/www.comeda.it\/de\/wp-json\/wp\/v2\/pages\/3942","targetHints":{"allow":["GET"]}}],"collection":[{"href":"https:\/\/www.comeda.it\/de\/wp-json\/wp\/v2\/pages"}],"about":[{"href":"https:\/\/www.comeda.it\/de\/wp-json\/wp\/v2\/types\/page"}],"author":[{"embeddable":true,"href":"https:\/\/www.comeda.it\/de\/wp-json\/wp\/v2\/users\/1"}],"replies":[{"embeddable":true,"href":"https:\/\/www.comeda.it\/de\/wp-json\/wp\/v2\/comments?post=3942"}],"version-history":[{"count":41,"href":"https:\/\/www.comeda.it\/de\/wp-json\/wp\/v2\/pages\/3942\/revisions"}],"predecessor-version":[{"id":4321,"href":"https:\/\/www.comeda.it\/de\/wp-json\/wp\/v2\/pages\/3942\/revisions\/4321"}],"wp:attachment":[{"href":"https:\/\/www.comeda.it\/de\/wp-json\/wp\/v2\/media?parent=3942"}],"curies":[{"name":"wp","href":"https:\/\/api.w.org\/{rel}","templated":true}]}}